{"id":689,"date":"2018-05-23T05:59:58","date_gmt":"2018-05-23T05:59:58","guid":{"rendered":"http:\/\/rarathemesdemo.com\/elegant-portfolio\/?page_id=9"},"modified":"2021-11-25T15:49:47","modified_gmt":"2021-11-25T15:49:47","slug":"blog-2","status":"publish","type":"page","link":"https:\/\/tgfil.com\/?page_id=689","title":{"rendered":"Motion Design"},"content":{"rendered":"<h3 style=\"text-align: center;\">Exemple de compositions en Motion Design sur After Effect<\/h3>\n<div style=\"width: 750px;\" class=\"wp-video\"><video class=\"wp-video-shortcode\" id=\"video-689-1\" width=\"750\" height=\"422\" autoplay preload=\"metadata\" controls=\"controls\"><source type=\"video\/mp4\" src=\"http:\/\/tgfil.com\/wp-content\/uploads\/2021\/11\/Composition-1.mp4?_=1\" \/><a href=\"http:\/\/tgfil.com\/wp-content\/uploads\/2021\/11\/Composition-1.mp4\">http:\/\/tgfil.com\/wp-content\/uploads\/2021\/11\/Composition-1.mp4<\/a><\/video><\/div>\n<p>J&rsquo;ai aussi des notions de Motion Designer sur After Effect, que j&rsquo;adore.<br \/>\nJe ne suis pas un expert en Motion Design mais disons qu&rsquo;ayant pas mal d&rsquo;exp\u00e9rience en tant graphiste sur Photoshop, Illustrator&#8230;j&rsquo;ai p\u00fbt rallier donc ce domaine avec celui de l&rsquo;animation dont j&rsquo;esssaie de perfectionner.<\/p>\n","protected":false},"excerpt":{"rendered":"<p>Exemple de compositions en Motion Design sur After Effect J&rsquo;ai aussi des notions de Motion Designer sur After Effect, que j&rsquo;adore. Je ne suis pas un expert en Motion Design mais disons qu&rsquo;ayant pas mal d&rsquo;exp\u00e9rience en tant graphiste sur Photoshop, Illustrator&#8230;j&rsquo;ai p\u00fbt rallier donc ce domaine avec celui de l&rsquo;animation dont j&rsquo;esssaie de perfectionner.<\/p>\n","protected":false},"author":1,"featured_media":0,"parent":0,"menu_order":0,"comment_status":"closed","ping_status":"closed","template":"","meta":{"footnotes":""},"class_list":["post-689","page","type-page","status-publish","hentry"],"yoast_head":"<!-- This site is optimized with the Yoast SEO plugin v27.5 - https:\/\/yoast.com\/product\/yoast-seo-wordpress\/ -->\n<title>Motion Design | PHIL&#039;T<\/title>\n<meta name=\"description\" content=\"Je suis un Graphiste Multim\u00e9dia (Print &amp; Web). J&#039;ai plusieurs casquettes : Webdesigner, Webmaster, Monteur Video (Premiere Pro), Motion Designer (After Effect) J&#039;utilise les logiciels et CMS (Photoshop, Illustrator, InDesign, WordPress...). Je touche \u00e9galement \u00e0 la Photo et la Vid\u00e9o. J&#039;ai des notions de langage de programmation (Html, CSS, ReactJS, Responsive).\" \/>\n<meta name=\"robots\" content=\"index, follow, max-snippet:-1, max-image-preview:large, max-video-preview:-1\" \/>\n<link rel=\"canonical\" href=\"https:\/\/tgfil.com\/?page_id=689\" \/>\n<meta property=\"og:locale\" content=\"fr_FR\" \/>\n<meta property=\"og:type\" content=\"article\" \/>\n<meta property=\"og:title\" content=\"Motion Design | PHIL&#039;T\" \/>\n<meta property=\"og:description\" content=\"Je suis un Graphiste Multim\u00e9dia (Print &amp; Web). J&#039;ai plusieurs casquettes : Webdesigner, Webmaster, Monteur Video (Premiere Pro), Motion Designer (After Effect) J&#039;utilise les logiciels et CMS (Photoshop, Illustrator, InDesign, WordPress...). Je touche \u00e9galement \u00e0 la Photo et la Vid\u00e9o. J&#039;ai des notions de langage de programmation (Html, CSS, ReactJS, Responsive).\" \/>\n<meta property=\"og:url\" content=\"https:\/\/tgfil.com\/?page_id=689\" \/>\n<meta property=\"og:site_name\" content=\"PHIL&#039;T\" \/>\n<meta property=\"article:modified_time\" content=\"2021-11-25T15:49:47+00:00\" \/>\n<meta name=\"twitter:card\" content=\"summary_large_image\" \/>\n<script type=\"application\/ld+json\" class=\"yoast-schema-graph\">{\"@context\":\"https:\\\/\\\/schema.org\",\"@graph\":[{\"@type\":\"WebPage\",\"@id\":\"https:\\\/\\\/tgfil.com\\\/?page_id=689\",\"url\":\"https:\\\/\\\/tgfil.com\\\/?page_id=689\",\"name\":\"Motion Design | PHIL&#039;T\",\"isPartOf\":{\"@id\":\"https:\\\/\\\/tgfil.com\\\/#website\"},\"datePublished\":\"2018-05-23T05:59:58+00:00\",\"dateModified\":\"2021-11-25T15:49:47+00:00\",\"description\":\"Je suis un Graphiste Multim\u00e9dia (Print & Web). J'ai plusieurs casquettes : Webdesigner, Webmaster, Monteur Video (Premiere Pro), Motion Designer (After Effect) J'utilise les logiciels et CMS (Photoshop, Illustrator, InDesign, WordPress...). Je touche \u00e9galement \u00e0 la Photo et la Vid\u00e9o. J'ai des notions de langage de programmation (Html, CSS, ReactJS, Responsive).\",\"breadcrumb\":{\"@id\":\"https:\\\/\\\/tgfil.com\\\/?page_id=689#breadcrumb\"},\"inLanguage\":\"fr-FR\",\"potentialAction\":[{\"@type\":\"ReadAction\",\"target\":[\"https:\\\/\\\/tgfil.com\\\/?page_id=689\"]}]},{\"@type\":\"BreadcrumbList\",\"@id\":\"https:\\\/\\\/tgfil.com\\\/?page_id=689#breadcrumb\",\"itemListElement\":[{\"@type\":\"ListItem\",\"position\":1,\"name\":\"Accueil\",\"item\":\"https:\\\/\\\/tgfil.com\\\/\"},{\"@type\":\"ListItem\",\"position\":2,\"name\":\"Motion Design\"}]},{\"@type\":\"WebSite\",\"@id\":\"https:\\\/\\\/tgfil.com\\\/#website\",\"url\":\"https:\\\/\\\/tgfil.com\\\/\",\"name\":\"PHIL&#039;T\",\"description\":\"Mon Site PortFolio\",\"publisher\":{\"@id\":\"https:\\\/\\\/tgfil.com\\\/#organization\"},\"potentialAction\":[{\"@type\":\"SearchAction\",\"target\":{\"@type\":\"EntryPoint\",\"urlTemplate\":\"https:\\\/\\\/tgfil.com\\\/?s={search_term_string}\"},\"query-input\":{\"@type\":\"PropertyValueSpecification\",\"valueRequired\":true,\"valueName\":\"search_term_string\"}}],\"inLanguage\":\"fr-FR\"},{\"@type\":\"Organization\",\"@id\":\"https:\\\/\\\/tgfil.com\\\/#organization\",\"name\":\"PHIL'T Graphiste\",\"url\":\"https:\\\/\\\/tgfil.com\\\/\",\"logo\":{\"@type\":\"ImageObject\",\"inLanguage\":\"fr-FR\",\"@id\":\"https:\\\/\\\/tgfil.com\\\/#\\\/schema\\\/logo\\\/image\\\/\",\"url\":\"https:\\\/\\\/i2.wp.com\\\/tgfil.com\\\/wp-content\\\/uploads\\\/2021\\\/11\\\/me.jpg?fit=924%2C488&ssl=1\",\"contentUrl\":\"https:\\\/\\\/i2.wp.com\\\/tgfil.com\\\/wp-content\\\/uploads\\\/2021\\\/11\\\/me.jpg?fit=924%2C488&ssl=1\",\"width\":924,\"height\":488,\"caption\":\"PHIL'T Graphiste\"},\"image\":{\"@id\":\"https:\\\/\\\/tgfil.com\\\/#\\\/schema\\\/logo\\\/image\\\/\"},\"sameAs\":[\"https:\\\/\\\/www.linkedin.com\\\/in\\\/phil-t-bb54291bb\\\/\"]}]}<\/script>\n<!-- \/ Yoast SEO plugin. -->","yoast_head_json":{"title":"Motion Design | PHIL&#039;T","description":"Je suis un Graphiste Multim\u00e9dia (Print & Web). J'ai plusieurs casquettes : Webdesigner, Webmaster, Monteur Video (Premiere Pro), Motion Designer (After Effect) J'utilise les logiciels et CMS (Photoshop, Illustrator, InDesign, WordPress...). Je touche \u00e9galement \u00e0 la Photo et la Vid\u00e9o. J'ai des notions de langage de programmation (Html, CSS, ReactJS, Responsive).","robots":{"index":"index","follow":"follow","max-snippet":"max-snippet:-1","max-image-preview":"max-image-preview:large","max-video-preview":"max-video-preview:-1"},"canonical":"https:\/\/tgfil.com\/?page_id=689","og_locale":"fr_FR","og_type":"article","og_title":"Motion Design | PHIL&#039;T","og_description":"Je suis un Graphiste Multim\u00e9dia (Print & Web). J'ai plusieurs casquettes : Webdesigner, Webmaster, Monteur Video (Premiere Pro), Motion Designer (After Effect) J'utilise les logiciels et CMS (Photoshop, Illustrator, InDesign, WordPress...). Je touche \u00e9galement \u00e0 la Photo et la Vid\u00e9o. J'ai des notions de langage de programmation (Html, CSS, ReactJS, Responsive).","og_url":"https:\/\/tgfil.com\/?page_id=689","og_site_name":"PHIL&#039;T","article_modified_time":"2021-11-25T15:49:47+00:00","twitter_card":"summary_large_image","schema":{"@context":"https:\/\/schema.org","@graph":[{"@type":"WebPage","@id":"https:\/\/tgfil.com\/?page_id=689","url":"https:\/\/tgfil.com\/?page_id=689","name":"Motion Design | PHIL&#039;T","isPartOf":{"@id":"https:\/\/tgfil.com\/#website"},"datePublished":"2018-05-23T05:59:58+00:00","dateModified":"2021-11-25T15:49:47+00:00","description":"Je suis un Graphiste Multim\u00e9dia (Print & Web). J'ai plusieurs casquettes : Webdesigner, Webmaster, Monteur Video (Premiere Pro), Motion Designer (After Effect) J'utilise les logiciels et CMS (Photoshop, Illustrator, InDesign, WordPress...). Je touche \u00e9galement \u00e0 la Photo et la Vid\u00e9o. J'ai des notions de langage de programmation (Html, CSS, ReactJS, Responsive).","breadcrumb":{"@id":"https:\/\/tgfil.com\/?page_id=689#breadcrumb"},"inLanguage":"fr-FR","potentialAction":[{"@type":"ReadAction","target":["https:\/\/tgfil.com\/?page_id=689"]}]},{"@type":"BreadcrumbList","@id":"https:\/\/tgfil.com\/?page_id=689#breadcrumb","itemListElement":[{"@type":"ListItem","position":1,"name":"Accueil","item":"https:\/\/tgfil.com\/"},{"@type":"ListItem","position":2,"name":"Motion Design"}]},{"@type":"WebSite","@id":"https:\/\/tgfil.com\/#website","url":"https:\/\/tgfil.com\/","name":"PHIL&#039;T","description":"Mon Site PortFolio","publisher":{"@id":"https:\/\/tgfil.com\/#organization"},"potentialAction":[{"@type":"SearchAction","target":{"@type":"EntryPoint","urlTemplate":"https:\/\/tgfil.com\/?s={search_term_string}"},"query-input":{"@type":"PropertyValueSpecification","valueRequired":true,"valueName":"search_term_string"}}],"inLanguage":"fr-FR"},{"@type":"Organization","@id":"https:\/\/tgfil.com\/#organization","name":"PHIL'T Graphiste","url":"https:\/\/tgfil.com\/","logo":{"@type":"ImageObject","inLanguage":"fr-FR","@id":"https:\/\/tgfil.com\/#\/schema\/logo\/image\/","url":"https:\/\/i2.wp.com\/tgfil.com\/wp-content\/uploads\/2021\/11\/me.jpg?fit=924%2C488&ssl=1","contentUrl":"https:\/\/i2.wp.com\/tgfil.com\/wp-content\/uploads\/2021\/11\/me.jpg?fit=924%2C488&ssl=1","width":924,"height":488,"caption":"PHIL'T Graphiste"},"image":{"@id":"https:\/\/tgfil.com\/#\/schema\/logo\/image\/"},"sameAs":["https:\/\/www.linkedin.com\/in\/phil-t-bb54291bb\/"]}]}},"_links":{"self":[{"href":"https:\/\/tgfil.com\/index.php?rest_route=\/wp\/v2\/pages\/689","targetHints":{"allow":["GET"]}}],"collection":[{"href":"https:\/\/tgfil.com\/index.php?rest_route=\/wp\/v2\/pages"}],"about":[{"href":"https:\/\/tgfil.com\/index.php?rest_route=\/wp\/v2\/types\/page"}],"author":[{"embeddable":true,"href":"https:\/\/tgfil.com\/index.php?rest_route=\/wp\/v2\/users\/1"}],"replies":[{"embeddable":true,"href":"https:\/\/tgfil.com\/index.php?rest_route=%2Fwp%2Fv2%2Fcomments&post=689"}],"version-history":[{"count":4,"href":"https:\/\/tgfil.com\/index.php?rest_route=\/wp\/v2\/pages\/689\/revisions"}],"predecessor-version":[{"id":838,"href":"https:\/\/tgfil.com\/index.php?rest_route=\/wp\/v2\/pages\/689\/revisions\/838"}],"wp:attachment":[{"href":"https:\/\/tgfil.com\/index.php?rest_route=%2Fwp%2Fv2%2Fmedia&parent=689"}],"curies":[{"name":"wp","href":"https:\/\/api.w.org\/{rel}","templated":true}]}}