{"id":688,"date":"2018-05-23T05:59:19","date_gmt":"2018-05-23T05:59:19","guid":{"rendered":"http:\/\/rarathemesdemo.com\/elegant-portfolio\/?page_id=5"},"modified":"2021-12-19T18:49:19","modified_gmt":"2021-12-19T18:49:19","slug":"graphisme-multimedia-photoshop-illustrator-wordpress-montage-video-motion-design","status":"publish","type":"page","link":"https:\/\/tgfil.com\/","title":{"rendered":"Graphiste"},"content":{"rendered":"","protected":false},"excerpt":{"rendered":"","protected":false},"author":1,"featured_media":0,"parent":0,"menu_order":0,"comment_status":"closed","ping_status":"closed","template":"","meta":{"footnotes":""},"class_list":["post-688","page","type-page","status-publish","hentry"],"yoast_head":"<!-- This site is optimized with the Yoast SEO plugin v27.5 - https:\/\/yoast.com\/product\/yoast-seo-wordpress\/ -->\n<title>Graphiste | PHIL&#039;T<\/title>\n<meta name=\"description\" content=\"Graphiste Multim\u00e9dia d&#039;abord passionn\u00e9 avec plus de 10 ans d&#039;exp\u00e9rience. J&#039;utilise Photoshop, Illustrator, InDesign, WordPress, Premiere Pro, After Effect...\" \/>\n<meta name=\"robots\" content=\"index, follow, max-snippet:-1, max-image-preview:large, max-video-preview:-1\" \/>\n<link rel=\"canonical\" href=\"https:\/\/tgfil.com\/\" \/>\n<meta property=\"og:locale\" content=\"fr_FR\" \/>\n<meta property=\"og:type\" content=\"article\" \/>\n<meta property=\"og:title\" content=\"Graphiste | PHIL&#039;T\" \/>\n<meta property=\"og:description\" content=\"Graphiste Multim\u00e9dia d&#039;abord passionn\u00e9 avec plus de 10 ans d&#039;exp\u00e9rience. J&#039;utilise Photoshop, Illustrator, InDesign, WordPress, Premiere Pro, After Effect...\" \/>\n<meta property=\"og:url\" content=\"https:\/\/tgfil.com\/\" \/>\n<meta property=\"og:site_name\" content=\"PHIL&#039;T\" \/>\n<meta property=\"article:modified_time\" content=\"2021-12-19T18:49:19+00:00\" \/>\n<meta name=\"twitter:card\" content=\"summary_large_image\" \/>\n<script type=\"application\/ld+json\" class=\"yoast-schema-graph\">{\"@context\":\"https:\\\/\\\/schema.org\",\"@graph\":[{\"@type\":\"WebPage\",\"@id\":\"https:\\\/\\\/tgfil.com\\\/\",\"url\":\"https:\\\/\\\/tgfil.com\\\/\",\"name\":\"Graphiste | PHIL&#039;T\",\"isPartOf\":{\"@id\":\"https:\\\/\\\/tgfil.com\\\/#website\"},\"datePublished\":\"2018-05-23T05:59:19+00:00\",\"dateModified\":\"2021-12-19T18:49:19+00:00\",\"description\":\"Graphiste Multim\u00e9dia d'abord passionn\u00e9 avec plus de 10 ans d'exp\u00e9rience. J'utilise Photoshop, Illustrator, InDesign, WordPress, Premiere Pro, After Effect...\",\"breadcrumb\":{\"@id\":\"https:\\\/\\\/tgfil.com\\\/#breadcrumb\"},\"inLanguage\":\"fr-FR\",\"potentialAction\":[{\"@type\":\"ReadAction\",\"target\":[\"https:\\\/\\\/tgfil.com\\\/\"]}]},{\"@type\":\"BreadcrumbList\",\"@id\":\"https:\\\/\\\/tgfil.com\\\/#breadcrumb\",\"itemListElement\":[{\"@type\":\"ListItem\",\"position\":1,\"name\":\"Accueil\",\"item\":\"https:\\\/\\\/tgfil.com\\\/\"},{\"@type\":\"ListItem\",\"position\":2,\"name\":\"Graphiste\"}]},{\"@type\":\"WebSite\",\"@id\":\"https:\\\/\\\/tgfil.com\\\/#website\",\"url\":\"https:\\\/\\\/tgfil.com\\\/\",\"name\":\"PHIL&#039;T\",\"description\":\"Mon Site PortFolio\",\"publisher\":{\"@id\":\"https:\\\/\\\/tgfil.com\\\/#organization\"},\"potentialAction\":[{\"@type\":\"SearchAction\",\"target\":{\"@type\":\"EntryPoint\",\"urlTemplate\":\"https:\\\/\\\/tgfil.com\\\/?s={search_term_string}\"},\"query-input\":{\"@type\":\"PropertyValueSpecification\",\"valueRequired\":true,\"valueName\":\"search_term_string\"}}],\"inLanguage\":\"fr-FR\"},{\"@type\":\"Organization\",\"@id\":\"https:\\\/\\\/tgfil.com\\\/#organization\",\"name\":\"PHIL'T Graphiste\",\"url\":\"https:\\\/\\\/tgfil.com\\\/\",\"logo\":{\"@type\":\"ImageObject\",\"inLanguage\":\"fr-FR\",\"@id\":\"https:\\\/\\\/tgfil.com\\\/#\\\/schema\\\/logo\\\/image\\\/\",\"url\":\"https:\\\/\\\/i2.wp.com\\\/tgfil.com\\\/wp-content\\\/uploads\\\/2021\\\/11\\\/me.jpg?fit=924%2C488&ssl=1\",\"contentUrl\":\"https:\\\/\\\/i2.wp.com\\\/tgfil.com\\\/wp-content\\\/uploads\\\/2021\\\/11\\\/me.jpg?fit=924%2C488&ssl=1\",\"width\":924,\"height\":488,\"caption\":\"PHIL'T Graphiste\"},\"image\":{\"@id\":\"https:\\\/\\\/tgfil.com\\\/#\\\/schema\\\/logo\\\/image\\\/\"},\"sameAs\":[\"https:\\\/\\\/www.linkedin.com\\\/in\\\/phil-t-bb54291bb\\\/\"]}]}<\/script>\n<!-- \/ Yoast SEO plugin. -->","yoast_head_json":{"title":"Graphiste | PHIL&#039;T","description":"Graphiste Multim\u00e9dia d'abord passionn\u00e9 avec plus de 10 ans d'exp\u00e9rience. J'utilise Photoshop, Illustrator, InDesign, WordPress, Premiere Pro, After Effect...","robots":{"index":"index","follow":"follow","max-snippet":"max-snippet:-1","max-image-preview":"max-image-preview:large","max-video-preview":"max-video-preview:-1"},"canonical":"https:\/\/tgfil.com\/","og_locale":"fr_FR","og_type":"article","og_title":"Graphiste | PHIL&#039;T","og_description":"Graphiste Multim\u00e9dia d'abord passionn\u00e9 avec plus de 10 ans d'exp\u00e9rience. J'utilise Photoshop, Illustrator, InDesign, WordPress, Premiere Pro, After Effect...","og_url":"https:\/\/tgfil.com\/","og_site_name":"PHIL&#039;T","article_modified_time":"2021-12-19T18:49:19+00:00","twitter_card":"summary_large_image","schema":{"@context":"https:\/\/schema.org","@graph":[{"@type":"WebPage","@id":"https:\/\/tgfil.com\/","url":"https:\/\/tgfil.com\/","name":"Graphiste | PHIL&#039;T","isPartOf":{"@id":"https:\/\/tgfil.com\/#website"},"datePublished":"2018-05-23T05:59:19+00:00","dateModified":"2021-12-19T18:49:19+00:00","description":"Graphiste Multim\u00e9dia d'abord passionn\u00e9 avec plus de 10 ans d'exp\u00e9rience. J'utilise Photoshop, Illustrator, InDesign, WordPress, Premiere Pro, After Effect...","breadcrumb":{"@id":"https:\/\/tgfil.com\/#breadcrumb"},"inLanguage":"fr-FR","potentialAction":[{"@type":"ReadAction","target":["https:\/\/tgfil.com\/"]}]},{"@type":"BreadcrumbList","@id":"https:\/\/tgfil.com\/#breadcrumb","itemListElement":[{"@type":"ListItem","position":1,"name":"Accueil","item":"https:\/\/tgfil.com\/"},{"@type":"ListItem","position":2,"name":"Graphiste"}]},{"@type":"WebSite","@id":"https:\/\/tgfil.com\/#website","url":"https:\/\/tgfil.com\/","name":"PHIL&#039;T","description":"Mon Site PortFolio","publisher":{"@id":"https:\/\/tgfil.com\/#organization"},"potentialAction":[{"@type":"SearchAction","target":{"@type":"EntryPoint","urlTemplate":"https:\/\/tgfil.com\/?s={search_term_string}"},"query-input":{"@type":"PropertyValueSpecification","valueRequired":true,"valueName":"search_term_string"}}],"inLanguage":"fr-FR"},{"@type":"Organization","@id":"https:\/\/tgfil.com\/#organization","name":"PHIL'T Graphiste","url":"https:\/\/tgfil.com\/","logo":{"@type":"ImageObject","inLanguage":"fr-FR","@id":"https:\/\/tgfil.com\/#\/schema\/logo\/image\/","url":"https:\/\/i2.wp.com\/tgfil.com\/wp-content\/uploads\/2021\/11\/me.jpg?fit=924%2C488&ssl=1","contentUrl":"https:\/\/i2.wp.com\/tgfil.com\/wp-content\/uploads\/2021\/11\/me.jpg?fit=924%2C488&ssl=1","width":924,"height":488,"caption":"PHIL'T Graphiste"},"image":{"@id":"https:\/\/tgfil.com\/#\/schema\/logo\/image\/"},"sameAs":["https:\/\/www.linkedin.com\/in\/phil-t-bb54291bb\/"]}]}},"_links":{"self":[{"href":"https:\/\/tgfil.com\/index.php?rest_route=\/wp\/v2\/pages\/688","targetHints":{"allow":["GET"]}}],"collection":[{"href":"https:\/\/tgfil.com\/index.php?rest_route=\/wp\/v2\/pages"}],"about":[{"href":"https:\/\/tgfil.com\/index.php?rest_route=\/wp\/v2\/types\/page"}],"author":[{"embeddable":true,"href":"https:\/\/tgfil.com\/index.php?rest_route=\/wp\/v2\/users\/1"}],"replies":[{"embeddable":true,"href":"https:\/\/tgfil.com\/index.php?rest_route=%2Fwp%2Fv2%2Fcomments&post=688"}],"version-history":[{"count":2,"href":"https:\/\/tgfil.com\/index.php?rest_route=\/wp\/v2\/pages\/688\/revisions"}],"predecessor-version":[{"id":917,"href":"https:\/\/tgfil.com\/index.php?rest_route=\/wp\/v2\/pages\/688\/revisions\/917"}],"wp:attachment":[{"href":"https:\/\/tgfil.com\/index.php?rest_route=%2Fwp%2Fv2%2Fmedia&parent=688"}],"curies":[{"name":"wp","href":"https:\/\/api.w.org\/{rel}","templated":true}]}}