{"id":132,"date":"2018-05-25T05:53:15","date_gmt":"2018-05-25T05:53:15","guid":{"rendered":"http:\/\/rarathemesdemo.com\/elegant-portfolio\/?page_id=132"},"modified":"2022-02-22T18:41:30","modified_gmt":"2022-02-22T18:41:30","slug":"contact-2","status":"publish","type":"page","link":"https:\/\/tgfil.com\/?page_id=132","title":{"rendered":"contact"},"content":{"rendered":"\t\t<div data-elementor-type=\"wp-page\" data-elementor-id=\"132\" class=\"elementor elementor-132\">\n\t\t\t\t\t\t<section class=\"elementor-section elementor-top-section elementor-element elementor-element-7bf723c elementor-section-boxed elementor-section-height-default elementor-section-height-default\" data-id=\"7bf723c\" data-element_type=\"section\" data-e-type=\"section\">\n\t\t\t\t\t\t<div class=\"elementor-container elementor-column-gap-default\">\n\t\t\t\t\t<div class=\"elementor-column elementor-col-100 elementor-top-column elementor-element elementor-element-0385c25\" data-id=\"0385c25\" data-element_type=\"column\" data-e-type=\"column\">\n\t\t\t<div class=\"elementor-widget-wrap elementor-element-populated\">\n\t\t\t\t\t\t<div class=\"elementor-element elementor-element-19ac608 elementor-invisible elementor-widget elementor-widget-text-editor\" data-id=\"19ac608\" data-element_type=\"widget\" data-e-type=\"widget\" data-settings=\"{&quot;_animation&quot;:&quot;fadeInUp&quot;}\" data-widget_type=\"text-editor.default\">\n\t\t\t\t<div class=\"elementor-widget-container\">\n\t\t\t\t\t\t\t\t\t<p style=\"text-align: center; text-transform: uppercase; font-size: 18px;\">BESOIN D&rsquo;UNE INFO, N&rsquo;H\u00e9SITEZ PAS<\/p>\t\t\t\t\t\t\t\t<\/div>\n\t\t\t\t<\/div>\n\t\t\t\t<div class=\"elementor-element elementor-element-9d9a53e elementor-invisible elementor-widget elementor-widget-heading\" data-id=\"9d9a53e\" data-element_type=\"widget\" data-e-type=\"widget\" data-settings=\"{&quot;_animation&quot;:&quot;fadeInUp&quot;}\" data-widget_type=\"heading.default\">\n\t\t\t\t<div class=\"elementor-widget-container\">\n\t\t\t\t\t<h2 class=\"elementor-heading-title elementor-size-default\"><span style=\"color: #020000;font-family: Raleway, Helvetica, Arial, sans-serif;font-size: 40px;letter-spacing: 3.5px;text-transform: uppercase;white-space: normal\">RESTons EN CONTACT<\/span><\/h2>\t\t\t\t<\/div>\n\t\t\t\t<\/div>\n\t\t\t\t<div class=\"elementor-element elementor-element-71eed40 elementor-widget elementor-widget-spacer\" data-id=\"71eed40\" data-element_type=\"widget\" data-e-type=\"widget\" data-widget_type=\"spacer.default\">\n\t\t\t\t<div class=\"elementor-widget-container\">\n\t\t\t\t\t\t\t<div class=\"elementor-spacer\">\n\t\t\t<div class=\"elementor-spacer-inner\"><\/div>\n\t\t<\/div>\n\t\t\t\t\t\t<\/div>\n\t\t\t\t<\/div>\n\t\t\t\t\t<\/div>\n\t\t<\/div>\n\t\t\t\t\t<\/div>\n\t\t<\/section>\n\t\t\t\t<section class=\"elementor-section elementor-top-section elementor-element elementor-element-d98fa6b elementor-section-boxed elementor-section-height-default elementor-section-height-default elementor-invisible\" data-id=\"d98fa6b\" data-element_type=\"section\" data-e-type=\"section\" data-settings=\"{&quot;animation&quot;:&quot;fadeInUp&quot;}\">\n\t\t\t\t\t\t<div class=\"elementor-container elementor-column-gap-default\">\n\t\t\t\t\t<div class=\"elementor-column elementor-col-50 elementor-top-column elementor-element elementor-element-492a48b\" data-id=\"492a48b\" data-element_type=\"column\" data-e-type=\"column\">\n\t\t\t<div class=\"elementor-widget-wrap elementor-element-populated\">\n\t\t\t\t\t\t<div class=\"elementor-element elementor-element-3f0fcec elementor-widget elementor-widget-wpforms\" data-id=\"3f0fcec\" data-element_type=\"widget\" data-e-type=\"widget\" data-widget_type=\"wpforms.default\">\n\t\t\t\t<div class=\"elementor-widget-container\">\n\t\t\t\t\t<div class=\"wpforms-container wpforms-container-full\" id=\"wpforms-827\"><form id=\"wpforms-form-827\" class=\"wpforms-validate wpforms-form wpforms-ajax-form\" data-formid=\"827\" method=\"post\" enctype=\"multipart\/form-data\" action=\"\/index.php?rest_route=%2Fwp%2Fv2%2Fpages%2F132\" data-token=\"d1d4166af652f5bff74db3de18fd971d\" data-token-time=\"1778072007\"><noscript class=\"wpforms-error-noscript\">Veuillez activer JavaScript dans votre navigateur pour remplir ce formulaire.<\/noscript><div class=\"wpforms-field-container\"><div id=\"wpforms-827-field_0-container\" class=\"wpforms-field wpforms-field-name\" data-field-id=\"0\"><label class=\"wpforms-field-label\">Nom <span class=\"wpforms-required-label\">*<\/span><\/label><div class=\"wpforms-field-row wpforms-field-medium\"><div class=\"wpforms-field-row-block wpforms-first wpforms-one-half\"><input type=\"text\" id=\"wpforms-827-field_0\" class=\"wpforms-field-name-first wpforms-field-required\" name=\"wpforms[fields][0][first]\" required><label for=\"wpforms-827-field_0\" class=\"wpforms-field-sublabel after\">Pr\u00e9nom<\/label><\/div><div class=\"wpforms-field-row-block wpforms-one-half\"><input type=\"text\" id=\"wpforms-827-field_0-last\" class=\"wpforms-field-name-last wpforms-field-required\" name=\"wpforms[fields][0][last]\" required><label for=\"wpforms-827-field_0-last\" class=\"wpforms-field-sublabel after\">Nom<\/label><\/div><\/div><\/div><div id=\"wpforms-827-field_1-container\" class=\"wpforms-field wpforms-field-email\" data-field-id=\"1\"><label class=\"wpforms-field-label\" for=\"wpforms-827-field_1\">Email <span class=\"wpforms-required-label\">*<\/span><\/label><input type=\"email\" id=\"wpforms-827-field_1\" class=\"wpforms-field-medium wpforms-field-required\" name=\"wpforms[fields][1]\" spellcheck=\"false\" required><\/div><div id=\"wpforms-827-field_3-container\" class=\"wpforms-field wpforms-field-text\" data-field-id=\"3\"><label class=\"wpforms-field-label\" for=\"wpforms-827-field_3\">Objet <span class=\"wpforms-required-label\">*<\/span><\/label><input type=\"text\" id=\"wpforms-827-field_3\" class=\"wpforms-field-medium wpforms-field-required\" name=\"wpforms[fields][3]\" required><\/div><div id=\"wpforms-827-field_2-container\" class=\"wpforms-field wpforms-field-textarea\" data-field-id=\"2\"><label class=\"wpforms-field-label\" for=\"wpforms-827-field_2\">Message <span class=\"wpforms-required-label\">*<\/span><\/label><textarea id=\"wpforms-827-field_2\" class=\"wpforms-field-medium wpforms-field-required\" name=\"wpforms[fields][2]\" required><\/textarea><\/div><\/div><!-- .wpforms-field-container --><div class=\"wpforms-recaptcha-container wpforms-is-recaptcha wpforms-is-recaptcha-type-v2\" ><div class=\"g-recaptcha\" data-sitekey=\"6Lf3R6wiAAAAAJFNVDxYJlTzbejGo5LugZzePwX3\"><\/div><input type=\"text\" name=\"g-recaptcha-hidden\" class=\"wpforms-recaptcha-hidden\" style=\"position:absolute!important;clip:rect(0,0,0,0)!important;height:1px!important;width:1px!important;border:0!important;overflow:hidden!important;padding:0!important;margin:0!important;\" data-rule-recaptcha=\"1\"><\/div><div class=\"wpforms-submit-container\" ><input type=\"hidden\" name=\"wpforms[id]\" value=\"827\"><input type=\"hidden\" name=\"page_title\" value=\"\"><input type=\"hidden\" name=\"page_url\" value=\"https:\/\/tgfil.com\/index.php?rest_route=\/wp\/v2\/pages\/132\"><input type=\"hidden\" name=\"url_referer\" value=\"\"><button type=\"submit\" name=\"wpforms[submit]\" id=\"wpforms-submit-827\" class=\"wpforms-submit background-color 74992e\" data-alt-text=\"Envoi en cours...\" data-submit-text=\"Envoyer\" aria-live=\"assertive\" value=\"wpforms-submit\">Envoyer<\/button><img decoding=\"async\" src=\"https:\/\/tgfil.com\/wp-content\/plugins\/wpforms-lite\/assets\/images\/submit-spin.svg\" class=\"wpforms-submit-spinner\" style=\"display: none;\" width=\"26\" height=\"26\" alt=\"Chargement en cours\"><\/div><\/form><\/div>  <!-- .wpforms-container -->\t\t\t\t<\/div>\n\t\t\t\t<\/div>\n\t\t\t\t\t<\/div>\n\t\t<\/div>\n\t\t\t\t<div class=\"elementor-column elementor-col-50 elementor-top-column elementor-element elementor-element-e16f94e\" data-id=\"e16f94e\" data-element_type=\"column\" data-e-type=\"column\">\n\t\t\t<div class=\"elementor-widget-wrap elementor-element-populated\">\n\t\t\t\t\t\t<div class=\"elementor-element elementor-element-0831632 elementor-widget elementor-widget-text-editor\" data-id=\"0831632\" data-element_type=\"widget\" data-e-type=\"widget\" data-widget_type=\"text-editor.default\">\n\t\t\t\t<div class=\"elementor-widget-container\">\n\t\t\t\t\t\t\t\t\t<p style=\"margin-top: 0px; margin-bottom: 0.9375rem; word-break: break-word; overflow-wrap: break-word; font-size: 14px; background-color: #fbfbfb;\">Merci de nous avoir lu.<\/p><p style=\"margin-top: 0px; margin-bottom: 0.9375rem; word-break: break-word; overflow-wrap: break-word; font-size: 14px; background-color: #fbfbfb;\">Pour toutes demandes d&rsquo;informations, n&rsquo;h\u00e9sitez pas .<br \/>Je serai ravi de vous r\u00e9pondre.<\/p>\t\t\t\t\t\t\t\t<\/div>\n\t\t\t\t<\/div>\n\t\t\t\t<div class=\"elementor-element elementor-element-5e648fe elementor-widget elementor-widget-spacer\" data-id=\"5e648fe\" data-element_type=\"widget\" data-e-type=\"widget\" data-widget_type=\"spacer.default\">\n\t\t\t\t<div class=\"elementor-widget-container\">\n\t\t\t\t\t\t\t<div class=\"elementor-spacer\">\n\t\t\t<div class=\"elementor-spacer-inner\"><\/div>\n\t\t<\/div>\n\t\t\t\t\t\t<\/div>\n\t\t\t\t<\/div>\n\t\t\t\t<section class=\"elementor-section elementor-inner-section elementor-element elementor-element-e422a32 elementor-section-full_width elementor-section-height-min-height elementor-section-content-top elementor-section-height-default\" data-id=\"e422a32\" data-element_type=\"section\" data-e-type=\"section\">\n\t\t\t\t\t\t<div class=\"elementor-container elementor-column-gap-default\">\n\t\t\t\t\t<div class=\"elementor-column elementor-col-50 elementor-inner-column elementor-element elementor-element-57e7382\" data-id=\"57e7382\" data-element_type=\"column\" data-e-type=\"column\">\n\t\t\t<div class=\"elementor-widget-wrap elementor-element-populated\">\n\t\t\t\t\t\t<div class=\"elementor-element elementor-element-2a52616 elementor-view-default elementor-invisible elementor-widget elementor-widget-icon\" data-id=\"2a52616\" data-element_type=\"widget\" data-e-type=\"widget\" data-settings=\"{&quot;_animation&quot;:&quot;fadeInUp&quot;}\" data-widget_type=\"icon.default\">\n\t\t\t\t<div class=\"elementor-widget-container\">\n\t\t\t\t\t\t\t<div class=\"elementor-icon-wrapper\">\n\t\t\t<div class=\"elementor-icon\">\n\t\t\t<i aria-hidden=\"true\" class=\"far fa-envelope\"><\/i>\t\t\t<\/div>\n\t\t<\/div>\n\t\t\t\t\t\t<\/div>\n\t\t\t\t<\/div>\n\t\t\t\t\t<\/div>\n\t\t<\/div>\n\t\t\t\t<div class=\"elementor-column elementor-col-50 elementor-inner-column elementor-element elementor-element-2cecd33\" data-id=\"2cecd33\" data-element_type=\"column\" data-e-type=\"column\">\n\t\t\t<div class=\"elementor-widget-wrap elementor-element-populated\">\n\t\t\t\t\t\t<div class=\"elementor-element elementor-element-fc96e1c elementor-invisible elementor-widget elementor-widget-text-editor\" data-id=\"fc96e1c\" data-element_type=\"widget\" data-e-type=\"widget\" data-settings=\"{&quot;_animation&quot;:&quot;fadeInUp&quot;}\" data-widget_type=\"text-editor.default\">\n\t\t\t\t<div class=\"elementor-widget-container\">\n\t\t\t\t\t\t\t\t\t<p><span style=\"color: #020000; font-size: 20.016px; font-weight: 600; white-space: pre-wrap;\">torphi78@gmail.com<\/span><\/p>\t\t\t\t\t\t\t\t<\/div>\n\t\t\t\t<\/div>\n\t\t\t\t\t<\/div>\n\t\t<\/div>\n\t\t\t\t\t<\/div>\n\t\t<\/section>\n\t\t\t\t<section class=\"elementor-section elementor-inner-section elementor-element elementor-element-dbf2cd4 elementor-section-full_width elementor-section-height-min-height elementor-section-content-top elementor-section-height-default\" data-id=\"dbf2cd4\" data-element_type=\"section\" data-e-type=\"section\">\n\t\t\t\t\t\t<div class=\"elementor-container elementor-column-gap-default\">\n\t\t\t\t\t<div class=\"elementor-column elementor-col-50 elementor-inner-column elementor-element elementor-element-0636e3e\" data-id=\"0636e3e\" data-element_type=\"column\" data-e-type=\"column\">\n\t\t\t<div class=\"elementor-widget-wrap elementor-element-populated\">\n\t\t\t\t\t\t<div class=\"elementor-element elementor-element-ed83286 elementor-view-default elementor-invisible elementor-widget elementor-widget-icon\" data-id=\"ed83286\" data-element_type=\"widget\" data-e-type=\"widget\" data-settings=\"{&quot;_animation&quot;:&quot;fadeInUp&quot;}\" data-widget_type=\"icon.default\">\n\t\t\t\t<div class=\"elementor-widget-container\">\n\t\t\t\t\t\t\t<div class=\"elementor-icon-wrapper\">\n\t\t\t<div class=\"elementor-icon\">\n\t\t\t<i aria-hidden=\"true\" class=\"fas fa-phone-volume\"><\/i>\t\t\t<\/div>\n\t\t<\/div>\n\t\t\t\t\t\t<\/div>\n\t\t\t\t<\/div>\n\t\t\t\t\t<\/div>\n\t\t<\/div>\n\t\t\t\t<div class=\"elementor-column elementor-col-50 elementor-inner-column elementor-element elementor-element-5677697\" data-id=\"5677697\" data-element_type=\"column\" data-e-type=\"column\">\n\t\t\t<div class=\"elementor-widget-wrap elementor-element-populated\">\n\t\t\t\t\t\t<div class=\"elementor-element elementor-element-5d19b3c elementor-invisible elementor-widget elementor-widget-text-editor\" data-id=\"5d19b3c\" data-element_type=\"widget\" data-e-type=\"widget\" data-settings=\"{&quot;_animation&quot;:&quot;fadeInUp&quot;}\" data-widget_type=\"text-editor.default\">\n\t\t\t\t<div class=\"elementor-widget-container\">\n\t\t\t\t\t\t\t\t\t<p><span style=\"color: #020000; font-size: 20.016px; font-weight: 600; white-space: pre-wrap;\">07 62 80 85 26<\/span><\/p>\t\t\t\t\t\t\t\t<\/div>\n\t\t\t\t<\/div>\n\t\t\t\t\t<\/div>\n\t\t<\/div>\n\t\t\t\t\t<\/div>\n\t\t<\/section>\n\t\t\t\t\t<\/div>\n\t\t<\/div>\n\t\t\t\t\t<\/div>\n\t\t<\/section>\n\t\t\t\t<\/div>\n\t\t","protected":false},"excerpt":{"rendered":"<p>BESOIN D&rsquo;UNE INFO, N&rsquo;H\u00e9SITEZ PAS RESTons EN CONTACT Merci de nous avoir lu. Pour toutes demandes d&rsquo;informations, n&rsquo;h\u00e9sitez pas .Je serai ravi de vous r\u00e9pondre. torphi78@gmail.com 07 62 80 85 26<\/p>\n","protected":false},"author":1,"featured_media":0,"parent":0,"menu_order":0,"comment_status":"closed","ping_status":"closed","template":"","meta":{"footnotes":""},"class_list":["post-132","page","type-page","status-publish","hentry"],"yoast_head":"<!-- This site is optimized with the Yoast SEO plugin v27.5 - https:\/\/yoast.com\/product\/yoast-seo-wordpress\/ -->\n<title>contact | PHIL&#039;T<\/title>\n<meta name=\"description\" content=\"Je suis un Graphiste Multim\u00e9dia (Print &amp; Web). J&#039;ai plusieurs casquettes : Webdesigner, Webmaster, Monteur Video (Premiere Pro), Motion Designer (After Effect) J&#039;utilise les logiciels et CMS (Photoshop, Illustrator, InDesign, WordPress...). Je touche \u00e9galement \u00e0 la Photo et la Vid\u00e9o. J&#039;ai des notions de langage de programmation (Html, CSS, ReactJS, Responsive).\" \/>\n<meta name=\"robots\" content=\"index, follow, max-snippet:-1, max-image-preview:large, max-video-preview:-1\" \/>\n<link rel=\"canonical\" href=\"https:\/\/tgfil.com\/?page_id=132\" \/>\n<meta property=\"og:locale\" content=\"fr_FR\" \/>\n<meta property=\"og:type\" content=\"article\" \/>\n<meta property=\"og:title\" content=\"contact | PHIL&#039;T\" \/>\n<meta property=\"og:description\" content=\"Je suis un Graphiste Multim\u00e9dia (Print &amp; Web). J&#039;ai plusieurs casquettes : Webdesigner, Webmaster, Monteur Video (Premiere Pro), Motion Designer (After Effect) J&#039;utilise les logiciels et CMS (Photoshop, Illustrator, InDesign, WordPress...). Je touche \u00e9galement \u00e0 la Photo et la Vid\u00e9o. J&#039;ai des notions de langage de programmation (Html, CSS, ReactJS, Responsive).\" \/>\n<meta property=\"og:url\" content=\"https:\/\/tgfil.com\/?page_id=132\" \/>\n<meta property=\"og:site_name\" content=\"PHIL&#039;T\" \/>\n<meta property=\"article:modified_time\" content=\"2022-02-22T18:41:30+00:00\" \/>\n<meta name=\"twitter:card\" content=\"summary_large_image\" \/>\n<meta name=\"twitter:label1\" content=\"Dur\u00e9e de lecture estim\u00e9e\" \/>\n\t<meta name=\"twitter:data1\" content=\"1 minute\" \/>\n<script type=\"application\/ld+json\" class=\"yoast-schema-graph\">{\"@context\":\"https:\\\/\\\/schema.org\",\"@graph\":[{\"@type\":\"WebPage\",\"@id\":\"https:\\\/\\\/tgfil.com\\\/?page_id=132\",\"url\":\"https:\\\/\\\/tgfil.com\\\/?page_id=132\",\"name\":\"contact | PHIL&#039;T\",\"isPartOf\":{\"@id\":\"https:\\\/\\\/tgfil.com\\\/#website\"},\"datePublished\":\"2018-05-25T05:53:15+00:00\",\"dateModified\":\"2022-02-22T18:41:30+00:00\",\"description\":\"Je suis un Graphiste Multim\u00e9dia (Print & Web). J'ai plusieurs casquettes : Webdesigner, Webmaster, Monteur Video (Premiere Pro), Motion Designer (After Effect) J'utilise les logiciels et CMS (Photoshop, Illustrator, InDesign, WordPress...). Je touche \u00e9galement \u00e0 la Photo et la Vid\u00e9o. J'ai des notions de langage de programmation (Html, CSS, ReactJS, Responsive).\",\"breadcrumb\":{\"@id\":\"https:\\\/\\\/tgfil.com\\\/?page_id=132#breadcrumb\"},\"inLanguage\":\"fr-FR\",\"potentialAction\":[{\"@type\":\"ReadAction\",\"target\":[\"https:\\\/\\\/tgfil.com\\\/?page_id=132\"]}]},{\"@type\":\"BreadcrumbList\",\"@id\":\"https:\\\/\\\/tgfil.com\\\/?page_id=132#breadcrumb\",\"itemListElement\":[{\"@type\":\"ListItem\",\"position\":1,\"name\":\"Accueil\",\"item\":\"https:\\\/\\\/tgfil.com\\\/\"},{\"@type\":\"ListItem\",\"position\":2,\"name\":\"contact\"}]},{\"@type\":\"WebSite\",\"@id\":\"https:\\\/\\\/tgfil.com\\\/#website\",\"url\":\"https:\\\/\\\/tgfil.com\\\/\",\"name\":\"PHIL&#039;T\",\"description\":\"Mon Site PortFolio\",\"publisher\":{\"@id\":\"https:\\\/\\\/tgfil.com\\\/#organization\"},\"potentialAction\":[{\"@type\":\"SearchAction\",\"target\":{\"@type\":\"EntryPoint\",\"urlTemplate\":\"https:\\\/\\\/tgfil.com\\\/?s={search_term_string}\"},\"query-input\":{\"@type\":\"PropertyValueSpecification\",\"valueRequired\":true,\"valueName\":\"search_term_string\"}}],\"inLanguage\":\"fr-FR\"},{\"@type\":\"Organization\",\"@id\":\"https:\\\/\\\/tgfil.com\\\/#organization\",\"name\":\"PHIL'T Graphiste\",\"url\":\"https:\\\/\\\/tgfil.com\\\/\",\"logo\":{\"@type\":\"ImageObject\",\"inLanguage\":\"fr-FR\",\"@id\":\"https:\\\/\\\/tgfil.com\\\/#\\\/schema\\\/logo\\\/image\\\/\",\"url\":\"https:\\\/\\\/i2.wp.com\\\/tgfil.com\\\/wp-content\\\/uploads\\\/2021\\\/11\\\/me.jpg?fit=924%2C488&ssl=1\",\"contentUrl\":\"https:\\\/\\\/i2.wp.com\\\/tgfil.com\\\/wp-content\\\/uploads\\\/2021\\\/11\\\/me.jpg?fit=924%2C488&ssl=1\",\"width\":924,\"height\":488,\"caption\":\"PHIL'T Graphiste\"},\"image\":{\"@id\":\"https:\\\/\\\/tgfil.com\\\/#\\\/schema\\\/logo\\\/image\\\/\"},\"sameAs\":[\"https:\\\/\\\/www.linkedin.com\\\/in\\\/phil-t-bb54291bb\\\/\"]}]}<\/script>\n<!-- \/ Yoast SEO plugin. -->","yoast_head_json":{"title":"contact | PHIL&#039;T","description":"Je suis un Graphiste Multim\u00e9dia (Print & Web). J'ai plusieurs casquettes : Webdesigner, Webmaster, Monteur Video (Premiere Pro), Motion Designer (After Effect) J'utilise les logiciels et CMS (Photoshop, Illustrator, InDesign, WordPress...). Je touche \u00e9galement \u00e0 la Photo et la Vid\u00e9o. J'ai des notions de langage de programmation (Html, CSS, ReactJS, Responsive).","robots":{"index":"index","follow":"follow","max-snippet":"max-snippet:-1","max-image-preview":"max-image-preview:large","max-video-preview":"max-video-preview:-1"},"canonical":"https:\/\/tgfil.com\/?page_id=132","og_locale":"fr_FR","og_type":"article","og_title":"contact | PHIL&#039;T","og_description":"Je suis un Graphiste Multim\u00e9dia (Print & Web). J'ai plusieurs casquettes : Webdesigner, Webmaster, Monteur Video (Premiere Pro), Motion Designer (After Effect) J'utilise les logiciels et CMS (Photoshop, Illustrator, InDesign, WordPress...). Je touche \u00e9galement \u00e0 la Photo et la Vid\u00e9o. J'ai des notions de langage de programmation (Html, CSS, ReactJS, Responsive).","og_url":"https:\/\/tgfil.com\/?page_id=132","og_site_name":"PHIL&#039;T","article_modified_time":"2022-02-22T18:41:30+00:00","twitter_card":"summary_large_image","twitter_misc":{"Dur\u00e9e de lecture estim\u00e9e":"1 minute"},"schema":{"@context":"https:\/\/schema.org","@graph":[{"@type":"WebPage","@id":"https:\/\/tgfil.com\/?page_id=132","url":"https:\/\/tgfil.com\/?page_id=132","name":"contact | PHIL&#039;T","isPartOf":{"@id":"https:\/\/tgfil.com\/#website"},"datePublished":"2018-05-25T05:53:15+00:00","dateModified":"2022-02-22T18:41:30+00:00","description":"Je suis un Graphiste Multim\u00e9dia (Print & Web). J'ai plusieurs casquettes : Webdesigner, Webmaster, Monteur Video (Premiere Pro), Motion Designer (After Effect) J'utilise les logiciels et CMS (Photoshop, Illustrator, InDesign, WordPress...). Je touche \u00e9galement \u00e0 la Photo et la Vid\u00e9o. J'ai des notions de langage de programmation (Html, CSS, ReactJS, Responsive).","breadcrumb":{"@id":"https:\/\/tgfil.com\/?page_id=132#breadcrumb"},"inLanguage":"fr-FR","potentialAction":[{"@type":"ReadAction","target":["https:\/\/tgfil.com\/?page_id=132"]}]},{"@type":"BreadcrumbList","@id":"https:\/\/tgfil.com\/?page_id=132#breadcrumb","itemListElement":[{"@type":"ListItem","position":1,"name":"Accueil","item":"https:\/\/tgfil.com\/"},{"@type":"ListItem","position":2,"name":"contact"}]},{"@type":"WebSite","@id":"https:\/\/tgfil.com\/#website","url":"https:\/\/tgfil.com\/","name":"PHIL&#039;T","description":"Mon Site PortFolio","publisher":{"@id":"https:\/\/tgfil.com\/#organization"},"potentialAction":[{"@type":"SearchAction","target":{"@type":"EntryPoint","urlTemplate":"https:\/\/tgfil.com\/?s={search_term_string}"},"query-input":{"@type":"PropertyValueSpecification","valueRequired":true,"valueName":"search_term_string"}}],"inLanguage":"fr-FR"},{"@type":"Organization","@id":"https:\/\/tgfil.com\/#organization","name":"PHIL'T Graphiste","url":"https:\/\/tgfil.com\/","logo":{"@type":"ImageObject","inLanguage":"fr-FR","@id":"https:\/\/tgfil.com\/#\/schema\/logo\/image\/","url":"https:\/\/i2.wp.com\/tgfil.com\/wp-content\/uploads\/2021\/11\/me.jpg?fit=924%2C488&ssl=1","contentUrl":"https:\/\/i2.wp.com\/tgfil.com\/wp-content\/uploads\/2021\/11\/me.jpg?fit=924%2C488&ssl=1","width":924,"height":488,"caption":"PHIL'T Graphiste"},"image":{"@id":"https:\/\/tgfil.com\/#\/schema\/logo\/image\/"},"sameAs":["https:\/\/www.linkedin.com\/in\/phil-t-bb54291bb\/"]}]}},"_links":{"self":[{"href":"https:\/\/tgfil.com\/index.php?rest_route=\/wp\/v2\/pages\/132","targetHints":{"allow":["GET"]}}],"collection":[{"href":"https:\/\/tgfil.com\/index.php?rest_route=\/wp\/v2\/pages"}],"about":[{"href":"https:\/\/tgfil.com\/index.php?rest_route=\/wp\/v2\/types\/page"}],"author":[{"embeddable":true,"href":"https:\/\/tgfil.com\/index.php?rest_route=\/wp\/v2\/users\/1"}],"replies":[{"embeddable":true,"href":"https:\/\/tgfil.com\/index.php?rest_route=%2Fwp%2Fv2%2Fcomments&post=132"}],"version-history":[{"count":102,"href":"https:\/\/tgfil.com\/index.php?rest_route=\/wp\/v2\/pages\/132\/revisions"}],"predecessor-version":[{"id":1339,"href":"https:\/\/tgfil.com\/index.php?rest_route=\/wp\/v2\/pages\/132\/revisions\/1339"}],"wp:attachment":[{"href":"https:\/\/tgfil.com\/index.php?rest_route=%2Fwp%2Fv2%2Fmedia&parent=132"}],"curies":[{"name":"wp","href":"https:\/\/api.w.org\/{rel}","templated":true}]}}